{"id":598,"date":"2022-12-19T02:32:04","date_gmt":"2022-12-19T01:32:04","guid":{"rendered":"https:\/\/construccioncebrian.com\/history\/"},"modified":"2025-09-25T06:57:39","modified_gmt":"2025-09-25T06:57:39","slug":"history","status":"publish","type":"page","link":"https:\/\/construccioncebrian.com\/en\/history\/","title":{"rendered":"History"},"content":{"rendered":"\t\t<div data-elementor-type=\"wp-page\" data-elementor-id=\"598\" class=\"elementor elementor-598 elementor-37\">\n\t\t\t\t\t\t<section class=\"elementor-section elementor-top-section elementor-element elementor-element-67152ff elementor-section-boxed elementor-section-height-default elementor-section-height-default\" data-id=\"67152ff\" data-element_type=\"section\" data-settings=\"{&quot;background_background&quot;:&quot;slideshow&quot;,&quot;background_slideshow_gallery&quot;:[{&quot;id&quot;:365,&quot;url&quot;:&quot;https:\\\/\\\/construccioncebrian.com\\\/wp-content\\\/uploads\\\/2025\\\/06\\\/scaffolding-on-building-of-construction-site-2024-10-21-08-43-08-utc-scaled.jpeg&quot;},{&quot;id&quot;:362,&quot;url&quot;:&quot;https:\\\/\\\/construccioncebrian.com\\\/wp-content\\\/uploads\\\/2025\\\/06\\\/construction-manager-and-engineer-working-construc-2025-03-13-01-51-29-utc-scaled.jpg&quot;}],&quot;background_slideshow_ken_burns&quot;:&quot;yes&quot;,&quot;background_slideshow_loop&quot;:&quot;yes&quot;,&quot;background_slideshow_slide_duration&quot;:5000,&quot;background_slideshow_slide_transition&quot;:&quot;fade&quot;,&quot;background_slideshow_transition_duration&quot;:500,&quot;background_slideshow_ken_burns_zoom_direction&quot;:&quot;in&quot;}\">\n\t\t\t\t\t\t<div class=\"elementor-container elementor-column-gap-default\">\n\t\t\t\t\t<div class=\"elementor-column elementor-col-100 elementor-top-column elementor-element elementor-element-108d99c\" data-id=\"108d99c\" data-element_type=\"column\">\n\t\t\t<div class=\"elementor-widget-wrap\">\n\t\t\t\t\t\t\t<\/div>\n\t\t<\/div>\n\t\t\t\t\t<\/div>\n\t\t<\/section>\n\t\t\t\t<section class=\"elementor-section elementor-top-section elementor-element elementor-element-dd07740 elementor-section-boxed elementor-section-height-default elementor-section-height-default\" data-id=\"dd07740\" data-element_type=\"section\">\n\t\t\t\t\t\t<div class=\"elementor-container elementor-column-gap-default\">\n\t\t\t\t\t<div class=\"elementor-column elementor-col-100 elementor-top-column elementor-element elementor-element-1e099e8\" data-id=\"1e099e8\" data-element_type=\"column\">\n\t\t\t<div class=\"elementor-widget-wrap elementor-element-populated\">\n\t\t\t\t\t\t<div class=\"elementor-element elementor-element-afc578d elementor-widget elementor-widget-gva_icon_box_group\" data-id=\"afc578d\" data-element_type=\"widget\" data-widget_type=\"gva_icon_box_group.default\">\n\t\t\t\t<div class=\"elementor-widget-container\">\n\t\t\t\t\t<div class=\"gva-element-gva_icon_box_group gva-element\">\r\n<div class=\"gsc-icon-box-group layout-carousel swiper-slider-wrapper \">\r\n   <div class=\"swiper-content-inner\">\r\n      <div class=\"init-carousel-swiper swiper\" data-carousel=\"{&quot;items&quot;:4,&quot;items_lg&quot;:4,&quot;items_md&quot;:3,&quot;items_sm&quot;:3,&quot;items_xs&quot;:2,&quot;items_xx&quot;:2,&quot;effect&quot;:&quot;slide&quot;,&quot;space_between&quot;:30,&quot;loop&quot;:1,&quot;speed&quot;:1200,&quot;autoplay&quot;:1,&quot;autoplay_delay&quot;:5500,&quot;autoplay_hover&quot;:1,&quot;navigation&quot;:1,&quot;pagination&quot;:0,&quot;dynamic_bullets&quot;:0,&quot;pagination_type&quot;:&quot;bullets&quot;}\">\r\n         <div class=\"swiper-wrapper\">\r\n            <div class=\"swiper-slide\">\r\n<div class=\"icon-box-item elementor-repeater-item-d833a49\">\r\n\t\t<div class=\"iconbox-one__single\"><h3 class=\"iconbox-one__title\">2002<\/h3><div class=\"iconbox-one__icon\"><i aria-hidden=\"true\" class=\" micon__save-money\"><\/i><\/div><div class=\"iconbox-one__desc\">Fundaci\u00f3n de la empresa y primeras obras locales.\n\n<\/div>\t\t  <a href=\"https:\/\/gaviaspreview.com\/wp\/modins\/contact\/\" class=\"iconbox-one__link-overlay\">\r\n\t\t\t \t\t  <\/a>\r\n\t\t  <\/div>\r\n\t\t<\/div><\/div><div class=\"swiper-slide\">\r\n<div class=\"icon-box-item elementor-repeater-item-b50c52e\">\r\n\t\t<div class=\"iconbox-one__single\"><h3 class=\"iconbox-one__title\">2008<\/h3><div class=\"iconbox-one__icon\"><i aria-hidden=\"true\" class=\" micon__online-registration\"><\/i><\/div><div class=\"iconbox-one__desc\">Ampliaci\u00f3n del equipo t\u00e9cnico y adquisici\u00f3n de maquinaria propia.\n\n<\/div>\t\t  <a href=\"https:\/\/gaviaspreview.com\/wp\/modins\/get-a-quote\/\" class=\"iconbox-one__link-overlay\">\r\n\t\t\t \t\t  <\/a>\r\n\t\t  <\/div>\r\n\t\t<\/div><\/div><div class=\"swiper-slide\">\r\n<div class=\"icon-box-item elementor-repeater-item-2c50c28\">\r\n\t\t<div class=\"iconbox-one__single\"><h3 class=\"iconbox-one__title\">2014<\/h3><div class=\"iconbox-one__icon\"><i aria-hidden=\"true\" class=\" micon__guarantee\"><\/i><\/div><div class=\"iconbox-one__desc\">Inicio de proyectos de obra nueva y expansi\u00f3n regional.<\/div>\t\t  <a href=\"https:\/\/gaviaspreview.com\/wp\/modins\/about\/\" class=\"iconbox-one__link-overlay\">\r\n\t\t\t \t\t  <\/a>\r\n\t\t  <\/div>\r\n\t\t<\/div><\/div><div class=\"swiper-slide\">\r\n<div class=\"icon-box-item elementor-repeater-item-c492c79\">\r\n\t\t<div class=\"iconbox-one__single\"><h3 class=\"iconbox-one__title\">2020<\/h3><div class=\"iconbox-one__icon\"><i aria-hidden=\"true\" class=\" micon__insurance\"><\/i><\/div><div class=\"iconbox-one__desc\">Incorporaci\u00f3n de nuevas tecnolog\u00edas y soluciones sostenibles en nuestros procesos.<\/div>\t\t  <a href=\"https:\/\/gaviaspreview.com\/wp\/modins\/contact\/\" class=\"iconbox-one__link-overlay\">\r\n\t\t\t \t\t  <\/a>\r\n\t\t  <\/div>\r\n\t\t<\/div><\/div><div class=\"swiper-slide\">\r\n<div class=\"icon-box-item elementor-repeater-item-52c7008\">\r\n\t\t<div class=\"iconbox-one__single\"><h3 class=\"iconbox-one__title\">2023<\/h3><div class=\"iconbox-one__icon\"><i aria-hidden=\"true\" class=\" micon__life-insurance\"><\/i><\/div><div class=\"iconbox-one__desc\">Reconocimiento como empresa de referencia en el sector de la construcci\u00f3n<\/div>\t\t  <a href=\"https:\/\/gaviaspreview.com\/wp\/modins\/portfolio-01\/\" class=\"iconbox-one__link-overlay\">\r\n\t\t\t \t\t  <\/a>\r\n\t\t  <\/div>\r\n\t\t<\/div><\/div>         <\/div>\r\n      <\/div>\r\n   <\/div>   \r\n   <div class=\"swiper-pagination\"><\/div>   <div class=\"swiper-nav-next\"><\/div><div class=\"swiper-nav-prev\"><\/div><\/div>\r\n<\/div>\t\t\t\t<\/div>\n\t\t\t\t<\/div>\n\t\t\t\t\t<\/div>\n\t\t<\/div>\n\t\t\t\t\t<\/div>\n\t\t<\/section>\n\t\t\t\t<section class=\"elementor-section elementor-top-section elementor-element elementor-element-c6640ea elementor-section-boxed elementor-section-height-default elementor-section-height-default\" data-id=\"c6640ea\" data-element_type=\"section\">\n\t\t\t\t\t\t<div class=\"elementor-container elementor-column-gap-default\">\n\t\t\t\t\t<div class=\"elementor-column elementor-col-50 elementor-top-column elementor-element elementor-element-e0f5378\" data-id=\"e0f5378\" data-element_type=\"column\" data-settings=\"{&quot;background_background&quot;:&quot;classic&quot;}\">\n\t\t\t<div class=\"elementor-widget-wrap elementor-element-populated\">\n\t\t\t\t\t\t<div class=\"elementor-element elementor-element-c609c09 elementor-widget elementor-widget-spacer\" data-id=\"c609c09\" data-element_type=\"widget\" data-widget_type=\"spacer.default\">\n\t\t\t\t<div class=\"elementor-widget-container\">\n\t\t\t\t\t\t\t<div class=\"elementor-spacer\">\n\t\t\t<div class=\"elementor-spacer-inner\"><\/div>\n\t\t<\/div>\n\t\t\t\t\t\t<\/div>\n\t\t\t\t<\/div>\n\t\t\t\t\t<\/div>\n\t\t<\/div>\n\t\t\t\t<div class=\"elementor-column elementor-col-50 elementor-top-column elementor-element elementor-element-919ea17\" data-id=\"919ea17\" data-element_type=\"column\" data-settings=\"{&quot;background_background&quot;:&quot;gradient&quot;}\">\n\t\t\t<div class=\"elementor-widget-wrap elementor-element-populated\">\n\t\t\t\t\t<div class=\"elementor-background-overlay\"><\/div>\n\t\t\t\t\t\t<div class=\"elementor-element elementor-element-6bcafc7 elementor-widget elementor-widget-heading\" data-id=\"6bcafc7\" data-element_type=\"widget\" data-widget_type=\"heading.default\">\n\t\t\t\t<div class=\"elementor-widget-container\">\n\t\t\t\t\t<h2 class=\"elementor-heading-title elementor-size-default\">Our History<\/h2>\t\t\t\t<\/div>\n\t\t\t\t<\/div>\n\t\t\t\t<div class=\"elementor-element elementor-element-dc73997 elementor-widget elementor-widget-text-editor\" data-id=\"dc73997\" data-element_type=\"widget\" data-widget_type=\"text-editor.default\">\n\t\t\t\t<div class=\"elementor-widget-container\">\n\t\t\t\t\t\t\t\t\t<p>More than 20 years building with passion, effort and commitment.<\/p>\t\t\t\t\t\t\t\t<\/div>\n\t\t\t\t<\/div>\n\t\t\t\t<div class=\"elementor-element elementor-element-ba27150 elementor-icon-list--layout-traditional elementor-list-item-link-full_width elementor-widget elementor-widget-icon-list\" data-id=\"ba27150\" data-element_type=\"widget\" data-widget_type=\"icon-list.default\">\n\t\t\t\t<div class=\"elementor-widget-container\">\n\t\t\t\t\t\t\t<ul class=\"elementor-icon-list-items\">\n\t\t\t\t\t\t\t<li class=\"elementor-icon-list-item\">\n\t\t\t\t\t\t\t\t\t\t<span class=\"elementor-icon-list-text\">The history of Construcciones Cebri\u00e1n began with a clear idea: to offer an honest, quality construction service with a human approach. Founded in 2002, the company was born as a small family business with a great vocation: to transform spaces and improve people's lives. In our early years, we focused on small works and renovations at the local level. Thanks to word of mouth and commitment to each client, we gradually gained recognition and expanded our team, our machinery and our reach. Today, more than two decades later, Construcciones Cebri\u00e1n has grown to become a consolidated company, with extensive experience in new construction, integral reforms and building rehabilitation. Despite the growth, we keep our original values intact: closeness, professionalism and a job well done.<\/span>\n\t\t\t\t\t\t\t\t\t<\/li>\n\t\t\t\t\t\t<\/ul>\n\t\t\t\t\t\t<\/div>\n\t\t\t\t<\/div>\n\t\t\t\t\t<\/div>\n\t\t<\/div>\n\t\t\t\t\t<\/div>\n\t\t<\/section>\n\t\t\t\t<\/div>\n\t\t","protected":false},"excerpt":{"rendered":"<p>2002 Fundaci\u00f3n de la empresa y primeras obras locales. 2008 Ampliaci\u00f3n del equipo t\u00e9cnico y adquisici\u00f3n de maquinaria propia. 2014 Inicio de proyectos de obra nueva y expansi\u00f3n regional. 2020 [&hellip;]<\/p>\n","protected":false},"author":1,"featured_media":0,"parent":0,"menu_order":0,"comment_status":"closed","ping_status":"closed","template":"","meta":{"_monsterinsights_skip_tracking":false,"_monsterinsights_sitenote_active":false,"_monsterinsights_sitenote_note":"","_monsterinsights_sitenote_category":0,"footnotes":""},"class_list":["post-598","page","type-page","status-publish","hentry"],"yoast_head":"<!-- This site is optimized with the Yoast SEO plugin v26.6 - https:\/\/yoast.com\/wordpress\/plugins\/seo\/ -->\n<title>History - Construcciones Cebri\u00e1n<\/title>\n<meta name=\"robots\" content=\"index, follow, max-snippet:-1, max-image-preview:large, max-video-preview:-1\" \/>\n<link rel=\"canonical\" href=\"https:\/\/construccioncebrian.com\/en\/?page_id=598\" \/>\n<meta property=\"og:locale\" content=\"en_US\" \/>\n<meta property=\"og:type\" content=\"article\" \/>\n<meta property=\"og:title\" content=\"History - Construcciones Cebri\u00e1n\" \/>\n<meta property=\"og:description\" content=\"2002 Fundaci\u00f3n de la empresa y primeras obras locales. 2008 Ampliaci\u00f3n del equipo t\u00e9cnico y adquisici\u00f3n de maquinaria propia. 2014 Inicio de proyectos de obra nueva y expansi\u00f3n regional. 2020 [&hellip;]\" \/>\n<meta property=\"og:url\" content=\"https:\/\/construccioncebrian.com\/en\/?page_id=598\" \/>\n<meta property=\"og:site_name\" content=\"Construcciones Cebri\u00e1n\" \/>\n<meta property=\"article:modified_time\" content=\"2025-09-25T06:57:39+00:00\" \/>\n<meta name=\"twitter:card\" content=\"summary_large_image\" \/>\n<meta name=\"twitter:label1\" content=\"Est. reading time\" \/>\n\t<meta name=\"twitter:data1\" content=\"1 minute\" \/>\n<script type=\"application\/ld+json\" class=\"yoast-schema-graph\">{\"@context\":\"https:\/\/schema.org\",\"@graph\":[{\"@type\":\"WebPage\",\"@id\":\"https:\/\/construccioncebrian.com\/en\/?page_id=598\",\"url\":\"https:\/\/construccioncebrian.com\/en\/?page_id=598\",\"name\":\"History - Construcciones Cebri\u00e1n\",\"isPartOf\":{\"@id\":\"https:\/\/construccioncebrian.com\/#website\"},\"datePublished\":\"2022-12-19T01:32:04+00:00\",\"dateModified\":\"2025-09-25T06:57:39+00:00\",\"breadcrumb\":{\"@id\":\"https:\/\/construccioncebrian.com\/en\/?page_id=598#breadcrumb\"},\"inLanguage\":\"en-US\",\"potentialAction\":[{\"@type\":\"ReadAction\",\"target\":[\"https:\/\/construccioncebrian.com\/en\/?page_id=598\"]}]},{\"@type\":\"BreadcrumbList\",\"@id\":\"https:\/\/construccioncebrian.com\/en\/?page_id=598#breadcrumb\",\"itemListElement\":[{\"@type\":\"ListItem\",\"position\":1,\"name\":\"Portada\",\"item\":\"https:\/\/construccioncebrian.com\/\"},{\"@type\":\"ListItem\",\"position\":2,\"name\":\"History\"}]},{\"@type\":\"WebSite\",\"@id\":\"https:\/\/construccioncebrian.com\/#website\",\"url\":\"https:\/\/construccioncebrian.com\/\",\"name\":\"Construcciones Cebri\u00e1n\",\"description\":\"Construcciones Cebri\u00e1n\",\"potentialAction\":[{\"@type\":\"SearchAction\",\"target\":{\"@type\":\"EntryPoint\",\"urlTemplate\":\"https:\/\/construccioncebrian.com\/?s={search_term_string}\"},\"query-input\":{\"@type\":\"PropertyValueSpecification\",\"valueRequired\":true,\"valueName\":\"search_term_string\"}}],\"inLanguage\":\"en-US\"}]}<\/script>\n<!-- \/ Yoast SEO plugin. -->","yoast_head_json":{"title":"History - Construcciones Cebri\u00e1n","robots":{"index":"index","follow":"follow","max-snippet":"max-snippet:-1","max-image-preview":"max-image-preview:large","max-video-preview":"max-video-preview:-1"},"canonical":"https:\/\/construccioncebrian.com\/en\/?page_id=598","og_locale":"en_US","og_type":"article","og_title":"History - Construcciones Cebri\u00e1n","og_description":"2002 Fundaci\u00f3n de la empresa y primeras obras locales. 2008 Ampliaci\u00f3n del equipo t\u00e9cnico y adquisici\u00f3n de maquinaria propia. 2014 Inicio de proyectos de obra nueva y expansi\u00f3n regional. 2020 [&hellip;]","og_url":"https:\/\/construccioncebrian.com\/en\/?page_id=598","og_site_name":"Construcciones Cebri\u00e1n","article_modified_time":"2025-09-25T06:57:39+00:00","twitter_card":"summary_large_image","twitter_misc":{"Est. reading time":"1 minute"},"schema":{"@context":"https:\/\/schema.org","@graph":[{"@type":"WebPage","@id":"https:\/\/construccioncebrian.com\/en\/?page_id=598","url":"https:\/\/construccioncebrian.com\/en\/?page_id=598","name":"History - Construcciones Cebri\u00e1n","isPartOf":{"@id":"https:\/\/construccioncebrian.com\/#website"},"datePublished":"2022-12-19T01:32:04+00:00","dateModified":"2025-09-25T06:57:39+00:00","breadcrumb":{"@id":"https:\/\/construccioncebrian.com\/en\/?page_id=598#breadcrumb"},"inLanguage":"en-US","potentialAction":[{"@type":"ReadAction","target":["https:\/\/construccioncebrian.com\/en\/?page_id=598"]}]},{"@type":"BreadcrumbList","@id":"https:\/\/construccioncebrian.com\/en\/?page_id=598#breadcrumb","itemListElement":[{"@type":"ListItem","position":1,"name":"Portada","item":"https:\/\/construccioncebrian.com\/"},{"@type":"ListItem","position":2,"name":"History"}]},{"@type":"WebSite","@id":"https:\/\/construccioncebrian.com\/#website","url":"https:\/\/construccioncebrian.com\/","name":"Construcciones Cebri\u00e1n","description":"Construcciones Cebri\u00e1n","potentialAction":[{"@type":"SearchAction","target":{"@type":"EntryPoint","urlTemplate":"https:\/\/construccioncebrian.com\/?s={search_term_string}"},"query-input":{"@type":"PropertyValueSpecification","valueRequired":true,"valueName":"search_term_string"}}],"inLanguage":"en-US"}]}},"_links":{"self":[{"href":"https:\/\/construccioncebrian.com\/en\/wp-json\/wp\/v2\/pages\/598","targetHints":{"allow":["GET"]}}],"collection":[{"href":"https:\/\/construccioncebrian.com\/en\/wp-json\/wp\/v2\/pages"}],"about":[{"href":"https:\/\/construccioncebrian.com\/en\/wp-json\/wp\/v2\/types\/page"}],"author":[{"embeddable":true,"href":"https:\/\/construccioncebrian.com\/en\/wp-json\/wp\/v2\/users\/1"}],"replies":[{"embeddable":true,"href":"https:\/\/construccioncebrian.com\/en\/wp-json\/wp\/v2\/comments?post=598"}],"version-history":[{"count":2,"href":"https:\/\/construccioncebrian.com\/en\/wp-json\/wp\/v2\/pages\/598\/revisions"}],"predecessor-version":[{"id":600,"href":"https:\/\/construccioncebrian.com\/en\/wp-json\/wp\/v2\/pages\/598\/revisions\/600"}],"wp:attachment":[{"href":"https:\/\/construccioncebrian.com\/en\/wp-json\/wp\/v2\/media?parent=598"}],"curies":[{"name":"wp","href":"https:\/\/api.w.org\/{rel}","templated":true}]}}